{"id":24684,"date":"2020-02-01T12:12:10","date_gmt":"2020-02-01T12:12:10","guid":{"rendered":"http:\/\/cristiancao.com\/?page_id=24684"},"modified":"2024-07-07T21:40:00","modified_gmt":"2024-07-07T21:40:00","slug":"cristian-cao-diseno-grafico-ilustracion-y-web","status":"publish","type":"page","link":"https:\/\/cristiancao.com\/","title":{"rendered":"home"},"content":{"rendered":"<div class=\"wpb-content-wrapper\"><p>[vc_row][vc_column css=\u00bb.vc_custom_1580764599496{margin-top: -150px !important;margin-bottom: -80px !important;}\u00bb el_id=\u00bbservicios-cristian\u00bb]<div id=\"fullwidth-block-69e88c8b62b6e\" class=\"fullwidth-block clearfix\"  style=\"\"><script type=\"text\/javascript\">if (typeof(gem_fix_fullwidth_position) == \"function\") { gem_fix_fullwidth_position(document.getElementById(\"fullwidth-block-69e88c8b62b6e\")); }<\/script><div class=\"fullwidth-block-inner\"><div class=\"quickfinder quickfinder-style-classic row inline-row quickfinder-icon-position-top quickfinder-alignment-center quickfinder-title-bold\"><div id=\"post-5540\" class=\"quickfinder-item inline-column col-md-4 col-sm-6 col-xs-12 quickfinder-item-effect-border-reverse icon-size-medium quickfinder-box-style-solid post-5540 thegem_qf_item type-thegem_qf_item status-publish\" data-ll-item-delay=\"0\"> <div class=\"quickfinder-item-box\" style=\"\"> <div class=\"quickfinder-item-inner\"> <div class=\"quickfinder-item-image\"> <div class=\"quickfinder-item-image-content\" > <div class=\"quickfinder-item-image-wrapper\"> <div class=\"gem-icon gem-icon-pack-elegant gem-icon-size-medium gem-icon-shape-square\" style=\"border-color: #721e1d;opacity: 1;\"><div class=\"gem-icon-inner\" style=\"\"><span class=\"gem-icon-half-1\" style=\"color: #7f6d59;\"><span class=\"back-angle\">&#xe104;<\/span><\/span><span class=\"gem-icon-half-2\" style=\"color: #7f6d59;\"><span class=\"back-angle\">&#xe104;<\/span><\/span><\/div><\/div> <\/div> <\/div> <\/div> <div class=\"quickfinder-item-info-wrapper\"> <div class=\"quickfinder-item-info \" > <div class=\"quickfinder-item-title\" style=\"color: #721e1d;\">DISE\u00d1O GR\u00c1FICO<\/div> <div class=\"quickfinder-item-text\" >Identidad Corporativa, Branding, Carteler\u00eda, Dossier Publicitario, Rotulaciones, Maquetaci\u00f3n, Editorial, Retoque Fotogr\u00e1fico...<\/div> <\/div> <\/div> <\/div> <\/div> <a href=\"http:\/\/cristiancao.com\/index.php\/portfolio\/\" target=\"_self\" class=\"quickfinder-item-link\"><\/a> <\/div> <div id=\"post-24746\" class=\"quickfinder-item inline-column col-md-4 col-sm-6 col-xs-12 quickfinder-item-effect-border-reverse icon-size-medium quickfinder-box-style-solid post-24746 thegem_qf_item type-thegem_qf_item status-publish\" data-ll-item-delay=\"0\"> <div class=\"quickfinder-item-box\" style=\"\"> <div class=\"quickfinder-item-inner\"> <div class=\"quickfinder-item-image\"> <div class=\"quickfinder-item-image-content\" > <div class=\"quickfinder-item-image-wrapper\"> <div class=\"gem-icon gem-icon-pack-fontawesome gem-icon-size-medium gem-icon-shape-square\" style=\"border-color: #721e1d;opacity: 1;\"><div class=\"gem-icon-inner\" style=\"\"><span class=\"gem-icon-half-1\" style=\"color: #7f6d59;\"><span class=\"back-angle\">&#xf044;<\/span><\/span><span class=\"gem-icon-half-2\" style=\"color: #7f6d59;\"><span class=\"back-angle\">&#xf044;<\/span><\/span><\/div><\/div> <\/div> <\/div> <\/div> <div class=\"quickfinder-item-info-wrapper\"> <div class=\"quickfinder-item-info \" > <div class=\"quickfinder-item-title\" style=\"color: #721e1d;\">ILUSTRACI\u00d3N<\/div> <div class=\"quickfinder-item-text\" >Ilustraci\u00f3n digital, Ilustraci\u00f3n Vectorial<\/div> <\/div> <\/div> <\/div> <\/div> <a href=\"http:\/\/cristiancao.com\/index.php\/portfolio\/\" target=\"_self\" class=\"quickfinder-item-link\"><\/a> <\/div> <div id=\"post-24745\" class=\"quickfinder-item inline-column col-md-4 col-sm-6 col-xs-12 quickfinder-item-effect-border-reverse icon-size-medium quickfinder-box-style-solid post-24745 thegem_qf_item type-thegem_qf_item status-publish\" data-ll-item-delay=\"0\"> <div class=\"quickfinder-item-box\" style=\"\"> <div class=\"quickfinder-item-inner\"> <div class=\"quickfinder-item-image\"> <div class=\"quickfinder-item-image-content\" > <div class=\"quickfinder-item-image-wrapper\"> <div class=\"gem-icon gem-icon-pack-elegant gem-icon-size-medium gem-icon-shape-square\" style=\"border-color: #721e1d;opacity: 1;\"><div class=\"gem-icon-inner\" style=\"\"><span class=\"gem-icon-half-1\" style=\"color: #7f6d59;\"><span class=\"back-angle\">&#xe00e;<\/span><\/span><span class=\"gem-icon-half-2\" style=\"color: #7f6d59;\"><span class=\"back-angle\">&#xe00e;<\/span><\/span><\/div><\/div> <\/div> <\/div> <\/div> <div class=\"quickfinder-item-info-wrapper\"> <div class=\"quickfinder-item-info \" > <div class=\"quickfinder-item-title\" style=\"color: #721e1d;\">DISE\u00d1O WEB<\/div> <div class=\"quickfinder-item-text\" >Dise\u00f1o de P\u00e1ginas Web, Tienda Online, Hosting, Dominios, Posicionamiento, Mantenimiento...<\/div> <\/div> <\/div> <\/div> <\/div> <a href=\"http:\/\/cristiancao.com\/index.php\/portfolio\/\" target=\"_self\" class=\"quickfinder-item-link\"><\/a> <\/div> <\/div><\/div><\/div>[\/vc_column][\/vc_row][vc_row el_class=\u00bbcustom_qf_color\u00bb][vc_column css=\u00bb.vc_custom_1581087194866{border-bottom-width: -100px !important;}\u00bb]<div id=\"fullwidth-block-69e88c8b67167\" class=\"fullwidth-block clearfix\"  style=\"color: #ddd8cc;background-color: #ddd8cc;\"><script type=\"text\/javascript\">if (typeof(gem_fix_fullwidth_position) == \"function\") { gem_fix_fullwidth_position(document.getElementById(\"fullwidth-block-69e88c8b67167\")); }<\/script><div class=\"fullwidth-block-inner\">[vc_column_text css_animation=\u00bbbounceIn\u00bb]<\/p>\n<div class=\"title-h1\" style=\"color: #721e1d; text-align: center;\">\u00bfpor qu\u00e9 elegir<span class=\"light\"> cristian cao?<\/span><\/div>\n<p>[\/vc_column_text]<div class=\"quickfinder quickfinder-style-iconed row inline-row quickfinder-icon-position-top quickfinder-alignment-center quickfinder-title-bold\"><div id=\"post-5187\" class=\"quickfinder-item inline-column col-md-3 col-xs-6 quickfinder-item-effect-background-reverse icon-size-small quickfinder-box-style-solid post-5187 thegem_qf_item type-thegem_qf_item status-publish\" data-ll-item-delay=\"0\"> <div class=\"quickfinder-item-box\" style=\"background-color: #ddd8cc;\"> <div class=\"quickfinder-item-inner\"> <div class=\"quickfinder-item-image\"> <div class=\"quickfinder-item-image-content\" > <div class=\"quickfinder-item-image-wrapper\"> <div class=\"gem-icon gem-icon-pack-elegant gem-icon-size-small gem-icon-shape-circle\" style=\"border-color: #ddd8cc;opacity: 1;\"><div class=\"gem-icon-inner\" style=\"background-color: #ddd8cc;\"><span class=\"gem-icon-half-1\" style=\"color: #721e1d;\"><span class=\"back-angle\">&#xe0f4;<\/span><\/span><span class=\"gem-icon-half-2\" style=\"color: #721e1d;\"><span class=\"back-angle\">&#xe0f4;<\/span><\/span><\/div><\/div> <\/div> <\/div> <\/div> <div class=\"quickfinder-item-info-wrapper\"> <div class=\"quickfinder-item-info \" > <div class=\"quickfinder-item-title\" style=\"color: #721e1d;\">EXPERIENCIA<\/div> <div class=\"quickfinder-item-text\" style=\"color: #866d57;\">M\u00e1s de 10 a\u00f1os en el mundo del dise\u00f1o publicitario.<br \/>\nTrabajando en varias empresas de publicidad, incluso durante mi formaci\u00f3n acad\u00e9mica.<br \/>\nEsto me ha permitido copilar una amplia bolsa de clientes que a\u00fan a d\u00eda de hoy siguen confiando en mi trabajo.<\/div> <\/div> <\/div> <\/div> <\/div> <\/div> <div id=\"post-25013\" class=\"quickfinder-item inline-column col-md-3 col-xs-6 quickfinder-item-effect-background-reverse icon-size-small quickfinder-box-style-solid post-25013 thegem_qf_item type-thegem_qf_item status-publish\" data-ll-item-delay=\"0\"> <div class=\"quickfinder-item-box\" style=\"background-color: #ddd8cc;\"> <div class=\"quickfinder-item-inner\"> <div class=\"quickfinder-item-image\"> <div class=\"quickfinder-item-image-content\" > <div class=\"quickfinder-item-image-wrapper\"> <div class=\"gem-icon gem-icon-pack-elegant gem-icon-size-small gem-icon-shape-circle\" style=\"border-color: #ddd8cc;opacity: 1;\"><div class=\"gem-icon-inner\" style=\"background-color: #ddd8cc;\"><span class=\"gem-icon-half-1\" style=\"color: #721e1d;\"><span class=\"back-angle\">&#xe007;<\/span><\/span><span class=\"gem-icon-half-2\" style=\"color: #721e1d;\"><span class=\"back-angle\">&#xe007;<\/span><\/span><\/div><\/div> <\/div> <\/div> <\/div> <div class=\"quickfinder-item-info-wrapper\"> <div class=\"quickfinder-item-info \" > <div class=\"quickfinder-item-title\" style=\"color: #721e1d;\">FORMACI\u00d3N CONTINUA<\/div> <div class=\"quickfinder-item-text\" style=\"color: #866d57;\">Uno de los rasgos que me caracterizan es la continua formaci\u00f3n y renovaci\u00f3n, lo que me permite adaptarme a las nuevas t\u00e9cnicas y programas de dise\u00f1o, a\u00f1adiendo conocimientos para que el trabajo no se quede obsoleto y desfasado. Ofreciendo un servicio a la orden del d\u00eda.<\/div> <\/div> <\/div> <\/div> <\/div> <\/div> <div id=\"post-25019\" class=\"quickfinder-item inline-column col-md-3 col-xs-6 quickfinder-item-effect-background-reverse icon-size-small quickfinder-box-style-solid post-25019 thegem_qf_item type-thegem_qf_item status-publish\" data-ll-item-delay=\"0\"> <div class=\"quickfinder-item-box\" style=\"background-color: #ddd8cc;\"> <div class=\"quickfinder-item-inner\"> <div class=\"quickfinder-item-image\"> <div class=\"quickfinder-item-image-content\" > <div class=\"quickfinder-item-image-wrapper\"> <div class=\"gem-icon gem-icon-pack-elegant gem-icon-size-small gem-icon-shape-circle\" style=\"border-color: #ddd8cc;opacity: 1;\"><div class=\"gem-icon-inner\" style=\"background-color: #ddd8cc;\"><span class=\"gem-icon-half-1\" style=\"color: #721e1d;\"><span class=\"back-angle\">&#xe033;<\/span><\/span><span class=\"gem-icon-half-2\" style=\"color: #721e1d;\"><span class=\"back-angle\">&#xe033;<\/span><\/span><\/div><\/div> <\/div> <\/div> <\/div> <div class=\"quickfinder-item-info-wrapper\"> <div class=\"quickfinder-item-info \" > <div class=\"quickfinder-item-title\" style=\"color: #721e1d;\">PERSONALIDAD<\/div> <div class=\"quickfinder-item-text\" style=\"color: #866d57;\">Todos los dise\u00f1os se caracterizan por su realizaci\u00f3n pensando principalmente en el cliente. De manera que me involucro personalmente en que tu empresa luzca de la mejor manera posible, diferenci\u00e1ndose del resto del mercado, con una imagen \u00fanica y exclusiva.<\/div> <\/div> <\/div> <\/div> <\/div> <\/div> <div id=\"post-25020\" class=\"quickfinder-item inline-column col-md-3 col-xs-6 quickfinder-item-effect-background-reverse icon-size-small quickfinder-box-style-solid post-25020 thegem_qf_item type-thegem_qf_item status-publish\" data-ll-item-delay=\"0\"> <div class=\"quickfinder-item-box\" style=\"background-color: #ddd8cc;\"> <div class=\"quickfinder-item-inner\"> <div class=\"quickfinder-item-image\"> <div class=\"quickfinder-item-image-content\" > <div class=\"quickfinder-item-image-wrapper\"> <div class=\"gem-icon gem-icon-pack-material gem-icon-size-small gem-icon-shape-circle\" style=\"border-color: #ddd8cc;opacity: 1;\"><div class=\"gem-icon-inner\" style=\"background-color: #ddd8cc;\"><span class=\"gem-icon-half-1\" style=\"color: #721e1d;\"><span class=\"back-angle\">&#xf114;<\/span><\/span><span class=\"gem-icon-half-2\" style=\"color: #721e1d;\"><span class=\"back-angle\">&#xf114;<\/span><\/span><\/div><\/div> <\/div> <\/div> <\/div> <div class=\"quickfinder-item-info-wrapper\"> <div class=\"quickfinder-item-info \" > <div class=\"quickfinder-item-title\" style=\"color: #721e1d;\">ASESORAMIENTO<\/div> <div class=\"quickfinder-item-text\" style=\"color: #866d57;\">No solo realizo el trabajo de dise\u00f1ar o ilustrar... Si no que presento proyectos con fondo y personalidad, por lo que asesoro al cliente de las \u00faltimas tendencias, y mejores t\u00e9cnicas publicitarias, para sacar el m\u00e1ximo partido a su producto o empresa, estando en continua comunicaci\u00f3n.<\/div> <\/div> <\/div> <\/div> <\/div> <\/div> <\/div><\/div><\/div>[\/vc_column][\/vc_row]<\/p>\n<\/div>","protected":false},"excerpt":{"rendered":"<p>[vc_row][vc_column css=\u00bb.vc_custom_1580764599496{margin-top: -150px !important;margin-bottom: -80px !important;}\u00bb el_id=\u00bbservicios-cristian\u00bb][\/vc_column][\/vc_row][vc_row el_class=\u00bbcustom_qf_color\u00bb][vc_column css=\u00bb.vc_custom_1581087194866{border-bottom-width: -100px !important;}\u00bb][\/vc_column][\/vc_row]<\/p>\n","protected":false},"author":1,"featured_media":0,"parent":0,"menu_order":0,"comment_status":"closed","ping_status":"open","template":"","meta":{"footnotes":""},"class_list":["post-24684","page","type-page","status-publish"],"_links":{"self":[{"href":"https:\/\/cristiancao.com\/index.php\/wp-json\/wp\/v2\/pages\/24684","targetHints":{"allow":["GET"]}}],"collection":[{"href":"https:\/\/cristiancao.com\/index.php\/wp-json\/wp\/v2\/pages"}],"about":[{"href":"https:\/\/cristiancao.com\/index.php\/wp-json\/wp\/v2\/types\/page"}],"author":[{"embeddable":true,"href":"https:\/\/cristiancao.com\/index.php\/wp-json\/wp\/v2\/users\/1"}],"replies":[{"embeddable":true,"href":"https:\/\/cristiancao.com\/index.php\/wp-json\/wp\/v2\/comments?post=24684"}],"version-history":[{"count":49,"href":"https:\/\/cristiancao.com\/index.php\/wp-json\/wp\/v2\/pages\/24684\/revisions"}],"predecessor-version":[{"id":25023,"href":"https:\/\/cristiancao.com\/index.php\/wp-json\/wp\/v2\/pages\/24684\/revisions\/25023"}],"wp:attachment":[{"href":"https:\/\/cristiancao.com\/index.php\/wp-json\/wp\/v2\/media?parent=24684"}],"curies":[{"name":"wp","href":"https:\/\/api.w.org\/{rel}","templated":true}]}}